{"id":61,"date":"2025-01-16T16:59:24","date_gmt":"2025-01-16T15:59:24","guid":{"rendered":"https:\/\/staging.monacosanteservices.com\/?page_id=61"},"modified":"2025-09-25T10:35:27","modified_gmt":"2025-09-25T08:35:27","slug":"aide-aux-personnes-en-situation-de-handicap","status":"publish","type":"page","link":"https:\/\/staging.monacosanteservices.com\/en\/aide-aux-personnes-en-situation-de-handicap\/","title":{"rendered":"Accompagnement pour personnes en situation de handicap"},"content":{"rendered":"<p>[et_pb_section fb_built=\u00a0\u00bb1&Prime; _builder_version=\u00a0\u00bb4.27.4&Prime; _module_preset=\u00a0\u00bbdefault\u00a0\u00bb global_colors_info=\u00a0\u00bb{}\u00a0\u00bb][et_pb_row _builder_version=\u00a0\u00bb4.27.4&Prime; _module_preset=\u00a0\u00bbdefault\u00a0\u00bb global_colors_info=\u00a0\u00bb{}\u00a0\u00bb][et_pb_column type=\u00a0\u00bb4_4&Prime; _builder_version=\u00a0\u00bb4.27.4&Prime; _module_preset=\u00a0\u00bbdefault\u00a0\u00bb global_colors_info=\u00a0\u00bb{}\u00a0\u00bb][et_pb_heading title=\u00a0\u00bbService d\u2019Aide et d\u2019Accompagnement pour personnes en situation de handicap\u00a0\u00bb _builder_version=\u00a0\u00bb4.27.4&Prime; _module_preset=\u00a0\u00bbdefault\u00a0\u00bb title_level=\u00a0\u00bbh3&Prime; title_font=\u00a0\u00bbAbhaya Libre||||||||\u00a0\u00bb title_text_align=\u00a0\u00bbcenter\u00a0\u00bb title_text_color=\u00a0\u00bb#C1121F\u00a0\u00bb title_font_size=\u00a0\u00bb40px\u00a0\u00bb global_colors_info=\u00a0\u00bb{}\u00a0\u00bb][\/et_pb_heading][\/et_pb_column][\/et_pb_row][et_pb_row _builder_version=\u00a0\u00bb4.27.4&Prime; _module_preset=\u00a0\u00bbdefault\u00a0\u00bb global_colors_info=\u00a0\u00bb{}\u00a0\u00bb][et_pb_column type=\u00a0\u00bb4_4&Prime; _builder_version=\u00a0\u00bb4.27.4&Prime; _module_preset=\u00a0\u00bbdefault\u00a0\u00bb global_colors_info=\u00a0\u00bb{}\u00a0\u00bb][et_pb_text _builder_version=\u00a0\u00bb4.27.4&Prime; _module_preset=\u00a0\u00bbdefault\u00a0\u00bb custom_margin=\u00a0\u00bb||0px||false|false\u00a0\u00bb custom_padding=\u00a0\u00bb||0px||false|false\u00a0\u00bb global_colors_info=\u00a0\u00bb{}\u00a0\u00bb]<\/p>\n<p>Whatever the shape of the <strong>disability<\/strong>, whether motor, mental, psychic, neurological or sensory, Monaco Sant\u00e9 Services offers a <strong>support adapted to the person's project<\/strong>, by qualified and experienced professionals in the field of intervention (educational and social support workers, home care workers, specialist educators, medical-psychological assistants, sports educators, social and family intervention technicians, etc.).<\/p>\n<p>[\/et_pb_text][\/et_pb_column][\/et_pb_row][et_pb_row _builder_version=\u00a0\u00bb4.27.4&Prime; _module_preset=\u00a0\u00bbdefault\u00a0\u00bb global_colors_info=\u00a0\u00bb{}\u00a0\u00bb][et_pb_column type=\u00a0\u00bb4_4&Prime; _builder_version=\u00a0\u00bb4.27.4&Prime; _module_preset=\u00a0\u00bbdefault\u00a0\u00bb global_colors_info=\u00a0\u00bb{}\u00a0\u00bb][et_pb_divider _builder_version=\u00a0\u00bb4.27.4&Prime; _module_preset=\u00a0\u00bbdefault\u00a0\u00bb custom_margin=\u00a0\u00bb0px||||false|false\u00a0\u00bb custom_padding=\u00a0\u00bb0px||||false|false\u00a0\u00bb global_colors_info=\u00a0\u00bb{}\u00a0\u00bb][\/et_pb_divider][\/et_pb_column][\/et_pb_row][et_pb_row column_structure=\u00a0\u00bb1_2,1_2&Prime; _builder_version=\u00a0\u00bb4.27.4&Prime; _module_preset=\u00a0\u00bbdefault\u00a0\u00bb global_colors_info=\u00a0\u00bb{}\u00a0\u00bb][et_pb_column type=\u00a0\u00bb1_2&Prime; _builder_version=\u00a0\u00bb4.27.4&Prime; _module_preset=\u00a0\u00bbdefault\u00a0\u00bb global_colors_info=\u00a0\u00bb{}\u00a0\u00bb][et_pb_image src=\u00a0\u00bbhttps:\/\/staging.monacosanteservices.com\/wp-content\/uploads\/2025\/02\/accompagnement-personnes-handicap-mobilite-reduite-monaco-nice-e1545228472600.jpg\u00a0\u00bb alt=\u00a0\u00bbAccompagnement de personne en situation de handicap fauteuil roulant.\u00a0\u00bb title_text=\u00a0\u00bbaccompagnement-personnes-handicap-mobilite-reduite-monaco-nice-e1545228472600&Prime; _builder_version=\u00a0\u00bb4.27.4&Prime; _module_preset=\u00a0\u00bbdefault\u00a0\u00bb global_colors_info=\u00a0\u00bb{}\u00a0\u00bb][\/et_pb_image][\/et_pb_column][et_pb_column type=\u00a0\u00bb1_2&Prime; _builder_version=\u00a0\u00bb4.27.4&Prime; _module_preset=\u00a0\u00bbdefault\u00a0\u00bb global_colors_info=\u00a0\u00bb{}\u00a0\u00bb][et_pb_heading title=\u00a0\u00bbAccompagement adultes handicap\u00e9s\u00a0\u00bb _builder_version=\u00a0\u00bb4.27.4&Prime; _module_preset=\u00a0\u00bbdefault\u00a0\u00bb title_level=\u00a0\u00bbh3&Prime; title_font=\u00a0\u00bb&#8211;et_global_heading_font||||||||\u00a0\u00bb title_text_color=\u00a0\u00bb#C1121F\u00a0\u00bb global_colors_info=\u00a0\u00bb{}\u00a0\u00bb][\/et_pb_heading][et_pb_text _builder_version=\u00a0\u00bb4.27.4&Prime; _module_preset=\u00a0\u00bbdefault\u00a0\u00bb global_colors_info=\u00a0\u00bb{}\u00a0\u00bb]<\/p>\n<p>In general, support provided by Monaco Sant\u00e9 Services is provided in addition to medical and social establishments in conjunction with their multidisciplinary teams. They can also be provided on an ongoing basis, while awaiting placement or when a parent is unavailable.<br \/>Nos \u00e9quipes \u00e9valuent vos besoins ou ceux de vos proches pour un accompagnement sur-mesure, de jour comme de nuit :<\/p>\n<ul>\n<li>\u00a0<span class=\"elementor-icon-list-text\"><b>Help with everyday tasks:<\/b> help with getting up, going to bed, eating, washing, dressing, beautifying<\/span><\/li>\n<li class=\"elementor-icon-list-item\"><span class=\"elementor-icon-list-text\"><b>Support for social life, leisure activities and appointments <\/b><\/span><\/li>\n<li class=\"elementor-icon-list-item\"><span class=\"elementor-icon-list-text\"><b>Domestic help for meal preparation, cleaning, ironing and laundry<\/b><\/span><\/li>\n<li class=\"elementor-icon-list-item\"><span class=\"elementor-icon-list-text\"><b>Administrative help<\/b><\/span><\/li>\n<li class=\"elementor-icon-list-item\"><span class=\"elementor-icon-list-text\"><b>Night support 7 days a week, 24 hours a day<\/b><\/span><\/li>\n<\/ul>\n<p>[\/et_pb_text][\/et_pb_column][\/et_pb_row][\/et_pb_section][et_pb_section fb_built=\u00a0\u00bb1&Prime; _builder_version=\u00a0\u00bb4.27.4&Prime; _module_preset=\u00a0\u00bbdefault\u00a0\u00bb background_color=\u00a0\u00bb#E5E1D5&Prime; global_colors_info=\u00a0\u00bb{}\u00a0\u00bb][et_pb_row column_structure=\u00a0\u00bb1_2,1_2&Prime; _builder_version=\u00a0\u00bb4.27.4&Prime; _module_preset=\u00a0\u00bbdefault\u00a0\u00bb global_colors_info=\u00a0\u00bb{}\u00a0\u00bb][et_pb_column type=\u00a0\u00bb1_2&Prime; _builder_version=\u00a0\u00bb4.27.4&Prime; _module_preset=\u00a0\u00bbdefault\u00a0\u00bb global_colors_info=\u00a0\u00bb{}\u00a0\u00bb][et_pb_heading title=\u00a0\u00bbAccompagenement enfants handicap\u00e9s\u00a0\u00bb _builder_version=\u00a0\u00bb4.27.4&Prime; _module_preset=\u00a0\u00bbdefault\u00a0\u00bb title_level=\u00a0\u00bbh3&Prime; title_text_color=\u00a0\u00bb#C1121F\u00a0\u00bb title_font_size=\u00a0\u00bb22px\u00a0\u00bb global_colors_info=\u00a0\u00bb{}\u00a0\u00bb][\/et_pb_heading][et_pb_text _builder_version=\u00a0\u00bb4.27.4&Prime; _module_preset=\u00a0\u00bbdefault\u00a0\u00bb global_colors_info=\u00a0\u00bb{}\u00a0\u00bb]<\/p>\n<p>Even though children with disabilities (Autism, Down syndrome and other genetic diseases, Behavioral and Personality Disorders, etc.) are welcomed in day care centers, parents often need support at home or outside the home to maintain family balance. Support from Monaco Sant\u00e9 Services can also be provided during school holidays.<\/p>\n<p>&nbsp;<\/p>\n<ul>\n<li class=\"elementor-icon-list-item\"><span class=\"elementor-icon-list-text\"><b>Educational and socialization activities<\/b><\/span><\/li>\n<li class=\"elementor-icon-list-item\"><span class=\"elementor-icon-list-text\"><b>Sports and leisure activities<\/b><\/span><\/li>\n<li class=\"elementor-icon-list-item\"><span class=\"elementor-icon-list-text\"><b>Support for medical and social appointments <br \/>(h\u00f4pital de jour, kin\u00e9&#8230;) <\/b><\/span><\/li>\n<li class=\"elementor-icon-list-item\"><span class=\"elementor-icon-list-text\"><b>Help with dressing, beautification<\/b><\/span><\/li>\n<li class=\"elementor-icon-list-item\"><span class=\"elementor-icon-list-text\"><b>Participation in institutional meetings with various stakeholders (school, healthcare services, etc.)<\/b><\/span><\/li>\n<li class=\"elementor-icon-list-item\"><span class=\"elementor-icon-list-text\"><b>Help and advice for families<\/b><\/span><\/li>\n<\/ul>\n<p>[\/et_pb_text][\/et_pb_column][et_pb_column type=\u00a0\u00bb1_2&Prime; _builder_version=\u00a0\u00bb4.27.4&Prime; _module_preset=\u00a0\u00bbdefault\u00a0\u00bb global_colors_info=\u00a0\u00bb{}\u00a0\u00bb][et_pb_image src=\u00a0\u00bbhttps:\/\/staging.monacosanteservices.com\/wp-content\/uploads\/2025\/02\/aide-handicap-enfants-monaco-nice.jpg\u00a0\u00bb alt=\u00a0\u00bbAccompagnement enfants handicap\u00e9s\u00a0\u00bb title_text=\u00a0\u00bbaide-handicap-enfants-monaco-nice\u00a0\u00bb _builder_version=\u00a0\u00bb4.27.4&Prime; _module_preset=\u00a0\u00bbdefault\u00a0\u00bb global_colors_info=\u00a0\u00bb{}\u00a0\u00bb][\/et_pb_image][\/et_pb_column][\/et_pb_row][\/et_pb_section][et_pb_section fb_built=\u00a0\u00bb1&Prime; _builder_version=\u00a0\u00bb4.27.4&Prime; _module_preset=\u00a0\u00bbdefault\u00a0\u00bb global_colors_info=\u00a0\u00bb{}\u00a0\u00bb][et_pb_row _builder_version=\u00a0\u00bb4.27.4&Prime; _module_preset=\u00a0\u00bbdefault\u00a0\u00bb global_colors_info=\u00a0\u00bb{}\u00a0\u00bb][et_pb_column type=\u00a0\u00bb4_4&Prime; _builder_version=\u00a0\u00bb4.27.4&Prime; _module_preset=\u00a0\u00bbdefault\u00a0\u00bb global_colors_info=\u00a0\u00bb{}\u00a0\u00bb][et_pb_text _builder_version=\u00a0\u00bb4.27.4&Prime; _module_preset=\u00a0\u00bbdefault\u00a0\u00bb global_colors_info=\u00a0\u00bb{}\u00a0\u00bb]<\/p>\n<p>Such care cannot be improvised; Monaco Sant\u00e9 Services only employs qualified and experienced social workers in this field, such as Educational and Social Support Workers (AES), Specialized Educators, Educational Monitors, Social Life Assistants (AVS), Medical-Psychological Assistants (AMP), etc.<\/p>\n<p>[\/et_pb_text][\/et_pb_column][\/et_pb_row][\/et_pb_section][et_pb_section fb_built=\u00a0\u00bb1&Prime; admin_label=\u00a0\u00bbContact Info\u00a0\u00bb _builder_version=\u00a0\u00bb4.27.4&Prime; _module_preset=\u00a0\u00bbdefault\u00a0\u00bb background_color=\u00a0\u00bb#E5E1D5&Prime; custom_padding=\u00a0\u00bb20px||||false|false\u00a0\u00bb collapsed=\u00a0\u00bbon\u00a0\u00bb global_colors_info=\u00a0\u00bb{}\u00a0\u00bb][et_pb_row column_structure=\u00a0\u00bb3_5,2_5&Prime; _builder_version=\u00a0\u00bb4.17.6&Prime; _module_preset=\u00a0\u00bb5138c454-be54-4233-bd3b-f8e6a8747976&Prime; global_colors_info=\u00a0\u00bb{}\u00a0\u00bb][et_pb_column type=\u00a0\u00bb3_5&Prime; _builder_version=\u00a0\u00bb4.16&Prime; _module_preset=\u00a0\u00bb73121f80-a3ef-4484-8763-c3f18e3c56d2&Prime; global_colors_info=\u00a0\u00bb{}\u00a0\u00bb][et_pb_heading title=\u00a0\u00bbPrenez contact avec nous\u00a0\u00bb _builder_version=\u00a0\u00bb4.27.4&Prime; _module_preset=\u00a0\u00bbc33f07d9-41e0-421a-8799-5799df695cce\u00a0\u00bb title_level=\u00a0\u00bbh3&Prime; title_font=\u00a0\u00bbAbhaya Libre|600|||||||\u00a0\u00bb title_text_align=\u00a0\u00bbcenter\u00a0\u00bb title_text_color=\u00a0\u00bb#B0A175&Prime; title_font_size=\u00a0\u00bb45px\u00a0\u00bb title_line_height=\u00a0\u00bb1.2em\u00a0\u00bb custom_margin=\u00a0\u00bb||10px||false|false\u00a0\u00bb title_font_size_tablet=\u00a0\u00bb28px\u00a0\u00bb title_font_size_phone=\u00a0\u00bb30px\u00a0\u00bb title_font_size_last_edited=\u00a0\u00bbon|phone\u00a0\u00bb locked=\u00a0\u00bboff\u00a0\u00bb global_colors_info=\u00a0\u00bb{}\u00a0\u00bb][\/et_pb_heading][et_pb_heading title=\u00a0\u00bbDiscutez de Vos Besoins en Aide \u00e0 Domicile\u00a0\u00bb _builder_version=\u00a0\u00bb4.27.4&Prime; _module_preset=\u00a0\u00bba3805066-8711-43c7-9f62-5782da0e9f7a\u00a0\u00bb title_level=\u00a0\u00bbh5&Prime; title_font=\u00a0\u00bbAbhaya Libre|Cormorant Garamond_weight|||||||\u00a0\u00bb title_text_align=\u00a0\u00bbcenter\u00a0\u00bb title_text_color=\u00a0\u00bb#B0A175&Prime; title_font_size=\u00a0\u00bb18px\u00a0\u00bb title_line_height=\u00a0\u00bb1.4em\u00a0\u00bb custom_margin=\u00a0\u00bb||10px||false|false\u00a0\u00bb title_font_size_tablet=\u00a0\u00bb15px\u00a0\u00bb title_font_size_phone=\u00a0\u00bb14px\u00a0\u00bb title_font_size_last_edited=\u00a0\u00bbon|phone\u00a0\u00bb locked=\u00a0\u00bboff\u00a0\u00bb global_colors_info=\u00a0\u00bb{}\u00a0\u00bb][\/et_pb_heading][\/et_pb_column][et_pb_column type=\u00a0\u00bb2_5&Prime; _builder_version=\u00a0\u00bb4.16&Prime; _module_preset=\u00a0\u00bb73121f80-a3ef-4484-8763-c3f18e3c56d2&Prime; global_colors_info=\u00a0\u00bb{}\u00a0\u00bb][et_pb_button button_url=\u00a0\u00bbhttps:\/\/staging.monacosanteservices.com\/contact\/\u00a0\u00bb button_text=\u00a0\u00bbContactez-nous aujourd&rsquo;hui\u00a0\u00bb button_alignment=\u00a0\u00bbcenter\u00a0\u00bb _builder_version=\u00a0\u00bb4.27.4&Prime; _module_preset=\u00a0\u00bb1bffc0fc-42a0-49d1-bd9a-ae3ade2d7206&Prime; custom_button=\u00a0\u00bbon\u00a0\u00bb button_text_size=\u00a0\u00bb18px\u00a0\u00bb button_text_color=\u00a0\u00bb#FFFFFF\u00a0\u00bb button_bg_color=\u00a0\u00bb#C1121F\u00a0\u00bb button_border_width=\u00a0\u00bb0px\u00a0\u00bb button_border_radius=\u00a0\u00bb5px\u00a0\u00bb button_font=\u00a0\u00bbArial|700|||||||\u00a0\u00bb custom_margin=\u00a0\u00bb15px||40px||false|false\u00a0\u00bb custom_padding=\u00a0\u00bb12px|24px|12px|24px|true|true\u00a0\u00bb locked=\u00a0\u00bboff\u00a0\u00bb global_colors_info=\u00a0\u00bb{}\u00a0\u00bb custom_padding__hover_enabled=\u00a0\u00bboff|desktop\u00a0\u00bb custom_padding__hover=\u00a0\u00bb|28px||20px|true|false\u00a0\u00bb][\/et_pb_button][\/et_pb_column][\/et_pb_row][et_pb_row column_structure=\u00a0\u00bb1_3,1_3,1_3&Prime; make_equal=\u00a0\u00bbon\u00a0\u00bb _builder_version=\u00a0\u00bb4.27.4&Prime; _module_preset=\u00a0\u00bbdefault\u00a0\u00bb custom_padding=\u00a0\u00bb||0px||false|false\u00a0\u00bb global_colors_info=\u00a0\u00bb{}\u00a0\u00bb][et_pb_column type=\u00a0\u00bb1_3&Prime; _builder_version=\u00a0\u00bb4.25.1&Prime; _module_preset=\u00a0\u00bbdefault\u00a0\u00bb global_colors_info=\u00a0\u00bb{}\u00a0\u00bb][et_pb_blurb title=\u00a0\u00bbT\u00e9l\u00e9phone\u00a0\u00bb image_icon_background_color=\u00a0\u00bbRGBA(255,255,255,0)\u00a0\u00bb image=\u00a0\u00bbhttps:\/\/staging.monacosanteservices.com\/wp-content\/uploads\/2025\/03\/telephone-icone-monaco-sante-services.png\u00a0\u00bb alt=\u00a0\u00bbIcone t\u00e9l\u00e9phone Monaco Sante Services Aide \u00e0 domicile\u00a0\u00bb image_icon_width=\u00a0\u00bb80%\u00a0\u00bb content_max_width=\u00a0\u00bb100%\u00a0\u00bb module_class=\u00a0\u00bbai_ignore_all\u00a0\u00bb _builder_version=\u00a0\u00bb4.27.4&Prime; _module_preset=\u00a0\u00bb203c76fc-aee0-4484-9be1-f0e2ebd81a8f\u00a0\u00bb header_font=\u00a0\u00bbAbhaya Libre|800|||||||\u00a0\u00bb header_text_align=\u00a0\u00bbcenter\u00a0\u00bb header_text_color=\u00a0\u00bb#B0A175&Prime; header_font_size=\u00a0\u00bb25px\u00a0\u00bb header_line_height=\u00a0\u00bb1.4em\u00a0\u00bb body_font=\u00a0\u00bbArial|600|||||||\u00a0\u00bb body_text_align=\u00a0\u00bbcenter\u00a0\u00bb body_text_color=\u00a0\u00bb#191919&Prime; body_font_size=\u00a0\u00bb25px\u00a0\u00bb body_line_height=\u00a0\u00bb1.75em\u00a0\u00bb body_link_text_color=\u00a0\u00bb#22577a\u00a0\u00bb background_color=\u00a0\u00bbRGBA(255,255,255,0)\u00a0\u00bb image_icon_custom_margin=\u00a0\u00bb||||false|false\u00a0\u00bb image_icon_custom_padding=\u00a0\u00bb||||false|false\u00a0\u00bb text_orientation=\u00a0\u00bbcenter\u00a0\u00bb custom_padding=\u00a0\u00bb||1px|||\u00a0\u00bb animation=\u00a0\u00bboff\u00a0\u00bb header_font_size_tablet=\u00a0\u00bb15px\u00a0\u00bb header_font_size_phone=\u00a0\u00bb25px\u00a0\u00bb header_font_size_last_edited=\u00a0\u00bbon|phone\u00a0\u00bb body_font_size_tablet=\u00a0\u00bb15px\u00a0\u00bb body_font_size_phone=\u00a0\u00bb14px\u00a0\u00bb body_font_size_last_edited=\u00a0\u00bbon|desktop\u00a0\u00bb border_color_all_image=\u00a0\u00bb#191919&Prime; global_colors_info=\u00a0\u00bb{}\u00a0\u00bb]<\/p>\n<p style=\"text-align: center;\"><span aria-label=\"Appeler le +377 97 98 22 50\">+377 97 98 22 50<\/span><\/p>\n<p>[\/et_pb_blurb][\/et_pb_column][et_pb_column type=\u00a0\u00bb1_3&Prime; _builder_version=\u00a0\u00bb4.25.1&Prime; _module_preset=\u00a0\u00bbdefault\u00a0\u00bb global_colors_info=\u00a0\u00bb{}\u00a0\u00bb][et_pb_blurb title=\u00a0\u00bbEmail\u00a0\u00bb image=\u00a0\u00bbhttps:\/\/staging.monacosanteservices.com\/wp-content\/uploads\/2025\/03\/email-icone-monaco-sante-services.png\u00a0\u00bb alt=\u00a0\u00bbIcone contact email Monaco Sante Services Aide \u00e0 domicile\u00a0\u00bb image_icon_width=\u00a0\u00bb80%\u00a0\u00bb content_max_width=\u00a0\u00bb100%\u00a0\u00bb module_class=\u00a0\u00bbai_ignore_all\u00a0\u00bb _builder_version=\u00a0\u00bb4.27.4&Prime; _module_preset=\u00a0\u00bb203c76fc-aee0-4484-9be1-f0e2ebd81a8f\u00a0\u00bb header_font=\u00a0\u00bbAbhaya Libre|800|||||||\u00a0\u00bb header_text_color=\u00a0\u00bb#B0A175&Prime; header_font_size=\u00a0\u00bb25px\u00a0\u00bb header_line_height=\u00a0\u00bb1.4em\u00a0\u00bb body_font=\u00a0\u00bbArial|Proza Libre_weight|||||||\u00a0\u00bb body_text_color=\u00a0\u00bb#191919&Prime; body_font_size=\u00a0\u00bb16px\u00a0\u00bb body_line_height=\u00a0\u00bb1.75em\u00a0\u00bb body_link_text_color=\u00a0\u00bb#22577a\u00a0\u00bb image_icon_custom_margin=\u00a0\u00bb||||false|false\u00a0\u00bb image_icon_custom_padding=\u00a0\u00bb||||false|false\u00a0\u00bb text_orientation=\u00a0\u00bbcenter\u00a0\u00bb background_layout=\u00a0\u00bbdark\u00a0\u00bb animation=\u00a0\u00bboff\u00a0\u00bb header_font_size_tablet=\u00a0\u00bb15px\u00a0\u00bb header_font_size_phone=\u00a0\u00bb25px\u00a0\u00bb header_font_size_last_edited=\u00a0\u00bbon|phone\u00a0\u00bb body_font_size_tablet=\u00a0\u00bb15px\u00a0\u00bb body_font_size_phone=\u00a0\u00bb14px\u00a0\u00bb body_font_size_last_edited=\u00a0\u00bbon|desktop\u00a0\u00bb locked=\u00a0\u00bboff\u00a0\u00bb global_colors_info=\u00a0\u00bb{}\u00a0\u00bb]<\/p>\n<p><a href=\"mailto:#\"><span style=\"color: #000000;\">secretariat@togisante.com<\/span><\/a><\/p>\n<p>[\/et_pb_blurb][\/et_pb_column][et_pb_column type=\u00a0\u00bb1_3&Prime; _builder_version=\u00a0\u00bb4.25.1&Prime; _module_preset=\u00a0\u00bbdefault\u00a0\u00bb global_colors_info=\u00a0\u00bb{}\u00a0\u00bb][et_pb_blurb title=\u00a0\u00bbAdresse\u00a0\u00bb image_icon_background_color=\u00a0\u00bbRGBA(255,255,255,0)\u00a0\u00bb image=\u00a0\u00bbhttps:\/\/staging.monacosanteservices.com\/wp-content\/uploads\/2025\/03\/adresse-localisation-icone-monaco-sante-services.png\u00a0\u00bb alt=\u00a0\u00bbIcone localisation adresse Monaco Sante Services Aide \u00e0 domicile\u00a0\u00bb image_icon_width=\u00a0\u00bb100px\u00a0\u00bb content_max_width=\u00a0\u00bb100%\u00a0\u00bb module_class=\u00a0\u00bbai_ignore_all\u00a0\u00bb _builder_version=\u00a0\u00bb4.27.4&Prime; _module_preset=\u00a0\u00bb212b201d-2c34-41bd-936c-851b7357d08b\u00a0\u00bb header_font=\u00a0\u00bbAbhaya Libre|800|||||||\u00a0\u00bb header_text_align=\u00a0\u00bbcenter\u00a0\u00bb header_text_color=\u00a0\u00bb#B0A175&Prime; header_font_size=\u00a0\u00bb25px\u00a0\u00bb header_line_height=\u00a0\u00bb1.4em\u00a0\u00bb body_font=\u00a0\u00bbArial|Proza Libre_weight|||||||\u00a0\u00bb body_text_align=\u00a0\u00bbcenter\u00a0\u00bb body_text_color=\u00a0\u00bb#191919&Prime; body_font_size=\u00a0\u00bb16px\u00a0\u00bb body_line_height=\u00a0\u00bb1.75em\u00a0\u00bb body_link_text_color=\u00a0\u00bb#22577a\u00a0\u00bb background_mask_style=\u00a0\u00bbcorner-square\u00a0\u00bb image_icon_custom_margin=\u00a0\u00bb||||false|false\u00a0\u00bb image_icon_custom_padding=\u00a0\u00bb||||false|false\u00a0\u00bb text_orientation=\u00a0\u00bbcenter\u00a0\u00bb animation=\u00a0\u00bboff\u00a0\u00bb header_font_size_tablet=\u00a0\u00bb15px\u00a0\u00bb header_font_size_phone=\u00a0\u00bb25px\u00a0\u00bb header_font_size_last_edited=\u00a0\u00bbon|phone\u00a0\u00bb body_font_size_tablet=\u00a0\u00bb15px\u00a0\u00bb body_font_size_phone=\u00a0\u00bb14px\u00a0\u00bb body_font_size_last_edited=\u00a0\u00bbon|desktop\u00a0\u00bb locked=\u00a0\u00bboff\u00a0\u00bb global_colors_info=\u00a0\u00bb{}\u00a0\u00bb]<\/p>\n<p>1 Boulevard du Jardin Exotique,<br \/>98000 MONACO<\/p>\n<p>[\/et_pb_blurb][\/et_pb_column][\/et_pb_row][\/et_pb_section]<\/p>","protected":false},"excerpt":{"rendered":"<p>Quelle que soit la forme du handicap, qu\u2019il soit moteur, mental, psychique, neurologique ou sensoriel, Monaco Sant\u00e9 Services propose un accompagnement adapt\u00e9 au projet de la personne, par des professionnels qualifi\u00e9s et exp\u00e9riment\u00e9s dans le domaine d\u2019intervention (accompagnants \u00e9ducatif et social, auxiliaires de vie, \u00e9ducateurs sp\u00e9cialis\u00e9s, aides m\u00e9dico-psychologiques, \u00e9ducateurs sportifs, techniciens d\u2019intervention sociale et familiale\u2026).En [&hellip;]<\/p>","protected":false},"author":1,"featured_media":0,"parent":0,"menu_order":0,"comment_status":"closed","ping_status":"closed","template":"","meta":{"_et_pb_use_builder":"on","_et_pb_old_content":"","_et_gb_content_width":"","footnotes":""},"class_list":["post-61","page","type-page","status-publish","hentry"],"_links":{"self":[{"href":"https:\/\/staging.monacosanteservices.com\/en\/wp-json\/wp\/v2\/pages\/61","targetHints":{"allow":["GET"]}}],"collection":[{"href":"https:\/\/staging.monacosanteservices.com\/en\/wp-json\/wp\/v2\/pages"}],"about":[{"href":"https:\/\/staging.monacosanteservices.com\/en\/wp-json\/wp\/v2\/types\/page"}],"author":[{"embeddable":true,"href":"https:\/\/staging.monacosanteservices.com\/en\/wp-json\/wp\/v2\/users\/1"}],"replies":[{"embeddable":true,"href":"https:\/\/staging.monacosanteservices.com\/en\/wp-json\/wp\/v2\/comments?post=61"}],"version-history":[{"count":18,"href":"https:\/\/staging.monacosanteservices.com\/en\/wp-json\/wp\/v2\/pages\/61\/revisions"}],"predecessor-version":[{"id":800,"href":"https:\/\/staging.monacosanteservices.com\/en\/wp-json\/wp\/v2\/pages\/61\/revisions\/800"}],"wp:attachment":[{"href":"https:\/\/staging.monacosanteservices.com\/en\/wp-json\/wp\/v2\/media?parent=61"}],"curies":[{"name":"wp","href":"https:\/\/api.w.org\/{rel}","templated":true}]}}