{"id":85,"date":"2025-02-14T10:28:30","date_gmt":"2025-02-14T09:28:30","guid":{"rendered":"https:\/\/staging.monacosanteservices.com\/?page_id=85"},"modified":"2025-02-14T17:19:29","modified_gmt":"2025-02-14T16:19:29","slug":"mentions-legales","status":"publish","type":"page","link":"https:\/\/staging.monacosanteservices.com\/en\/mentions-legales\/","title":{"rendered":"Legal notices"},"content":{"rendered":"<p>[et_pb_section fb_built=\u00a0\u00bb1&Prime; _builder_version=\u00a0\u00bb4.27.4&Prime; _module_preset=\u00a0\u00bbdefault\u00a0\u00bb global_colors_info=\u00a0\u00bb{}\u00a0\u00bb][et_pb_row _builder_version=\u00a0\u00bb4.27.4&Prime; _module_preset=\u00a0\u00bbdefault\u00a0\u00bb global_colors_info=\u00a0\u00bb{}\u00a0\u00bb][et_pb_column type=\u00a0\u00bb4_4&Prime; _builder_version=\u00a0\u00bb4.27.4&Prime; _module_preset=\u00a0\u00bbdefault\u00a0\u00bb global_colors_info=\u00a0\u00bb{}\u00a0\u00bb][et_pb_heading title=\u00a0\u00bbMentions l\u00e9gales\u00a0\u00bb _builder_version=\u00a0\u00bb4.27.4&Prime; _module_preset=\u00a0\u00bbdefault\u00a0\u00bb title_level=\u00a0\u00bbh3&Prime; title_font=\u00a0\u00bbAbhaya Libre||||||||\u00a0\u00bb title_text_align=\u00a0\u00bbcenter\u00a0\u00bb title_text_color=\u00a0\u00bb#C1121F\u00a0\u00bb title_font_size=\u00a0\u00bb50px\u00a0\u00bb global_colors_info=\u00a0\u00bb{}\u00a0\u00bb][\/et_pb_heading][et_pb_divider _builder_version=\u00a0\u00bb4.27.4&Prime; _module_preset=\u00a0\u00bbdefault\u00a0\u00bb color=\u00a0\u00bb#C1121F\u00a0\u00bb hover_enabled=\u00a0\u00bb0&Prime; sticky_enabled=\u00a0\u00bb0&Prime;][\/et_pb_divider][\/et_pb_column][\/et_pb_row][et_pb_row column_structure=\u00a0\u00bb1_2,1_2&Prime; _builder_version=\u00a0\u00bb4.27.4&Prime; _module_preset=\u00a0\u00bbdefault\u00a0\u00bb global_colors_info=\u00a0\u00bb{}\u00a0\u00bb][et_pb_column type=\u00a0\u00bb1_2&Prime; _builder_version=\u00a0\u00bb4.27.4&Prime; _module_preset=\u00a0\u00bbdefault\u00a0\u00bb global_colors_info=\u00a0\u00bb{}\u00a0\u00bb][et_pb_text _builder_version=\u00a0\u00bb4.27.4&Prime; _module_preset=\u00a0\u00bbdefault\u00a0\u00bb global_colors_info=\u00a0\u00bb{}\u00a0\u00bb]<\/p>\n<p><strong>Company information:<\/strong><\/p>\n<p>Manager: Guillaume TOMMASI<\/p>\n<p>Address: 1 Bd du Jardin Exotique, 98000 Monaco<\/p>\n<p><i>Updated September 2025<\/i><\/p>\n<p>[\/et_pb_text][\/et_pb_column][et_pb_column type=\u00a0\u00bb1_2&Prime; _builder_version=\u00a0\u00bb4.27.4&Prime; _module_preset=\u00a0\u00bbdefault\u00a0\u00bb global_colors_info=\u00a0\u00bb{}\u00a0\u00bb][et_pb_text _builder_version=\u00a0\u00bb4.27.4&Prime; _module_preset=\u00a0\u00bbdefault\u00a0\u00bb global_colors_info=\u00a0\u00bb{}\u00a0\u00bb]<\/p>\n<p><strong>Web site :<\/strong><\/p>\n<p>Publication Director:<\/p>\n<p><strong>Site hosting:<\/strong><br \/>OVH<br \/>2 rue Kellermann<br \/>59100 Roubaix \u2013 France<br \/>www.ovh.com<\/p>\n<p>OVH est joignable par le moyen suivant : https:\/\/www.ovhcloud.com\/fr\/contact\/<\/p>\n<p>[\/et_pb_text][\/et_pb_column][\/et_pb_row][et_pb_row _builder_version=\u00a0\u00bb4.27.4&Prime; _module_preset=\u00a0\u00bbdefault\u00a0\u00bb global_colors_info=\u00a0\u00bb{}\u00a0\u00bb][et_pb_column type=\u00a0\u00bb4_4&Prime; _builder_version=\u00a0\u00bb4.27.4&Prime; _module_preset=\u00a0\u00bbdefault\u00a0\u00bb global_colors_info=\u00a0\u00bb{}\u00a0\u00bb][et_pb_text _builder_version=\u00a0\u00bb4.27.4&Prime; _module_preset=\u00a0\u00bbdefault\u00a0\u00bb global_colors_info=\u00a0\u00bb{}\u00a0\u00bb]<\/p>\n<p>The website was sponsored by Monaco Sant\u00e9 Services. The website www.monacosanteservices.com is the exclusive property of Monaco Sant\u00e9 Services.<\/p>\n<p>Consultation of the site is subject to full acceptance and compliance by Internet users with the following conditions of use. The Internet user hereby undertakes to use the information contained on the site for personal and non-commercial purposes. In the event of non-compliance with the provisions of this Charter by the Internet user, their civil and\/or criminal liability may be incurred.<\/p>\n<p>&nbsp;<\/p>\n<p><b>1 \u2013 Content of the Site<\/b><\/p>\n<p>The site is operated by the company Monaco Sant\u00e9 Services.<br \/>Presentation site for the services of the Monaco Sant\u00e9 Services company.<\/p>\n<p><b>2 \u2013 Intellectual property<\/b><\/p>\n<p>In general, the data, programs, musical samples, texts, information, logos, visual identities, animated or still images and their formatting appearing on the site are the property of the company Monaco Sant\u00e9 Services and are protected by legal and regulatory provisions regarding Intellectual Property.<br \/>All Internet users undertake not to use them and not to allow anyone to use these contents for illegal purposes.<br \/>Any representation or reproduction, in whole or in part, permanent or temporary, on a computer and\/or paper medium, and by any process whatsoever (in particular by means of framing*), of any of the elements of the site or of the services offered for sale, without the prior and express agreement of the company Monaco Sant\u00e9 Services is prohibited, and constitutes an act of counterfeiting, which may result in civil and\/or criminal convictions.<\/p>\n<p>* action of capturing the content of pages of a website to transfer it to one's own website by means of a hypertext link, making said content appear as one's own.<\/p>\n<p><b>3 \u2013 Protection of personal data<\/b><\/p>\n<p>Monaco Sant\u00e9 Services takes your privacy seriously and treats all your personal data as confidential. This privacy policy describes how we process your personal data and the purposes for which we use it. This policy applies when you contact us through our website accessible from the following URL www.monacosanteservices.com (hereinafter the \u201cSite\u201d), a promotion, or any other communication channel.<\/p>\n<p>Please note that this privacy policy may be modified or supplemented at any time by Monaco Sant\u00e9 Services, in particular to comply with any legislative, regulatory, jurisprudential or technological developments. In such a case, the date of its update will be clearly identified at the top of this policy. These modifications are binding on the User as soon as they are posted online. The User should therefore regularly consult this privacy and cookie policy to be aware of any possible modifications.<\/p>\n<p>The Internet user may be required to provide certain personal data by responding to the forms provided. The entry of this data is necessary for Monaco Sant\u00e9 Services to process the Internet user's request.<\/p>\n<p>Monaco Sant\u00e9 Services undertakes to comply with legal provisions regarding data protection and to take all necessary precautions to preserve the security of the personal information entrusted to it.<\/p>\n<p>Generally speaking, you can visit the Monaco Sant\u00e9 Services website without providing any personal information about yourself.<\/p>\n<p>However, if you refuse, you may not be able to benefit from certain information or services that you have requested. As such, Monaco Sant\u00e9 Services may in certain cases ask you to provide your last name, first name, postal code, email address, telephone number, (hereinafter your \u201cPersonal Information\u201d). By providing this information, you expressly agree that it will be processed by Monaco Sant\u00e9 Services for the purposes indicated below as well as for the purposes stated on each form.<br \/>In accordance with art. 14 of law 1165 of December 23, 1993, amended:<\/p>\n<p><b>Identity of the data controller<\/b><br \/>Monaco Sant\u00e9 Services \u2013 1 Bd du Jardin Exotique, 98000 Monaco<\/p>\n<p><b>Purposes of processing<\/b><br \/>The company Monaco Sant\u00e9 Services uses automated processing for the following purposes:<\/p>\n<ul>\n<li>email management<\/li>\n<li>website management.<\/li>\n<\/ul>\n<p>[\/et_pb_text][\/et_pb_column][\/et_pb_row][\/et_pb_section]<\/p>","protected":false},"excerpt":{"rendered":"<p>Informations soci\u00e9t\u00e9 : G\u00e9rant : Guillaume TOMMASI Adresse : 1 Bd du Jardin Exotique, 98000 Monaco Mise \u00e0 jour mars 2024Site web : Directeur de la publication : H\u00e9bergement du site\u00a0:OVH2 rue Kellermann59100 Roubaix \u2013 Francewww.ovh.com OVH est joignable par le moyen suivant : https:\/\/www.ovhcloud.com\/fr\/contact\/Le site a \u00e9t\u00e9 commandit\u00e9 par la soci\u00e9t\u00e9 Monaco Sant\u00e9 Services. [&hellip;]<\/p>","protected":false},"author":1,"featured_media":0,"parent":0,"menu_order":0,"comment_status":"closed","ping_status":"closed","template":"","meta":{"_et_pb_use_builder":"on","_et_pb_old_content":"","_et_gb_content_width":"","footnotes":""},"class_list":["post-85","page","type-page","status-publish","hentry"],"_links":{"self":[{"href":"https:\/\/staging.monacosanteservices.com\/en\/wp-json\/wp\/v2\/pages\/85","targetHints":{"allow":["GET"]}}],"collection":[{"href":"https:\/\/staging.monacosanteservices.com\/en\/wp-json\/wp\/v2\/pages"}],"about":[{"href":"https:\/\/staging.monacosanteservices.com\/en\/wp-json\/wp\/v2\/types\/page"}],"author":[{"embeddable":true,"href":"https:\/\/staging.monacosanteservices.com\/en\/wp-json\/wp\/v2\/users\/1"}],"replies":[{"embeddable":true,"href":"https:\/\/staging.monacosanteservices.com\/en\/wp-json\/wp\/v2\/comments?post=85"}],"version-history":[{"count":5,"href":"https:\/\/staging.monacosanteservices.com\/en\/wp-json\/wp\/v2\/pages\/85\/revisions"}],"predecessor-version":[{"id":326,"href":"https:\/\/staging.monacosanteservices.com\/en\/wp-json\/wp\/v2\/pages\/85\/revisions\/326"}],"wp:attachment":[{"href":"https:\/\/staging.monacosanteservices.com\/en\/wp-json\/wp\/v2\/media?parent=85"}],"curies":[{"name":"wp","href":"https:\/\/api.w.org\/{rel}","templated":true}]}}